{"id":4023,"date":"2017-06-29T19:43:59","date_gmt":"2017-06-29T19:43:59","guid":{"rendered":"http:\/\/businesslounge-demo.rtthemes.com\/?page_id=4023"},"modified":"2017-06-29T19:43:59","modified_gmt":"2017-06-29T19:43:59","slug":"home-page-iii","status":"publish","type":"page","link":"https:\/\/www.abpcoaching.com\/en\/home-page-iii\/","title":{"rendered":"Home Page III"},"content":{"rendered":"<div  class=\"content_row row vc_row wpb_row  default-style fullwidth rt-797579\">\n\t\n\t<div class=\"content_row_wrapper  fullwidth\">\n\t<div class=\"vc_col-sm-12 wpb_column vc_column_container rt-1405700 shadow rt-column-container\">\n\t<div class=\"vc_column-inner rt-column-inner\">\n\t\t<div class=\"wpb_wrapper rt-wrapper\">\n\t\t\t<div id=\"home-slider\" class=\"rt-carousel main-carousel carousel-holder clearfixmyslider\" data-thumbnails=\"true\" data-item-width=\"1\" data-mobile-height=\"300\" style=\"min-height:620px\" data-nav=\"true\" data-dots=\"false\" data-parallax=\"true\" data-fullheight=\"false\" data-timeout=\"10000\" data-autoplay=\"false\">\n<div class=\"rt-carousel-holder\" style=\"min-height:620px\"><div class=\"owl-carousel\">\n\n\t\t<div class=\"item has-bg-image  alt-style-1\" style=\"min-height: 620px;\" data-color-tone=\"light\">\n\t\t\t\n\t\t\t\n\t\t\t\t<div class=\"slide-content-wrapper default clearfix\" style=\"min-height: 620px;\">\n\t\t\t\t\t<div class=\"slide-content  left text-left\" style=\"width: 50%;\">\n\t\t\t\t\t\t<h2 class=\"slide_heading\" style=\"font-size:46px;\" data-mobile-value=\"28\"  data-maxfont-size=\"46\" data-minfont-size=\"40\">Global Project Management Services &amp; Solutions <\/h2>\n\t\t\t\t\t\t<div class=\"slide-text\" data-mobile-value=\"18\" style=\"\"><p>Lorem ipsum dolor sit amet, consectetur adipiscing elit. Integer et fringilla orci. Maecenas convallis nisl et massa consequat pellentesque. Vivamus sed condimentum enim.<\/p>\n<\/div>\n\t\t\t\t\t\t\n\t\t\t<div class=\"button_wrapper  arrow rounded\"><a href=\"#\" target=\"_self\" title=\"LEARN MORE\" class=\"button_  black small\"><span><span>LEARN MORE<\/span><\/span><\/a><\/div>\n\t\t\n\t\t\t\t\t\t\n\t\t\t\t\t<\/div>\n\t\t\t\t<\/div>\n\t\t\t\n\t\t\t<div class=\"slide-background\" style=\"background-image: url();background-repeat: no-repeat;background-size: cover;background-position: center center;\"><\/div>\n\t\t<\/div>\n\t\t<div class=\"item has-bg-image  alt-style-1\" style=\"min-height: 620px;\" data-color-tone=\"light\">\n\t\t\t\n\t\t\t\n\t\t\t\t<div class=\"slide-content-wrapper default clearfix\" style=\"min-height: 620px;\">\n\t\t\t\t\t<div class=\"slide-content  left text-left\" style=\"width: 50%;\">\n\t\t\t\t\t\t<h2 class=\"slide_heading\" style=\"font-size:46px;\" data-mobile-value=\"28\"  data-maxfont-size=\"46\" data-minfont-size=\"40\">Marketing Strategy &amp; Industry Analysis<\/h2>\n\t\t\t\t\t\t<div class=\"slide-text\" data-mobile-value=\"18\" style=\"\"><p>Lorem ipsum dolor sit amet, consectetur adipiscing elit. Integer et fringilla orci. Maecenas convallis nisl et massa consequat pellentesque. Vivamus sed condimentum enim.<\/p>\n<\/div>\n\t\t\t\t\t\t\n\t\t\t<div class=\"button_wrapper  arrow rounded\"><a href=\"#\" target=\"_self\" title=\"LEARN MORE\" class=\"button_  black small\"><span><span>LEARN MORE<\/span><\/span><\/a><\/div>\n\t\t\n\t\t\t\t\t\t\n\t\t\t\t\t<\/div>\n\t\t\t\t<\/div>\n\t\t\t\n\t\t\t<div class=\"slide-background\" style=\"background-image: url();background-repeat: no-repeat;background-size: cover;background-position: center center;\"><\/div>\n\t\t<\/div>\n\t\t<div class=\"item has-bg-image  alt-style-1\" style=\"min-height: 620px;\" data-color-tone=\"light\">\n\t\t\t\n\t\t\t\n\t\t\t\t<div class=\"slide-content-wrapper default clearfix\" style=\"min-height: 620px;\">\n\t\t\t\t\t<div class=\"slide-content  left text-left\" style=\"width: 50%;\">\n\t\t\t\t\t\t<h2 class=\"slide_heading\" style=\"font-size:46px;\" data-mobile-value=\"28\"  data-maxfont-size=\"46\" data-minfont-size=\"40\">Work With Word Class Experts<\/h2>\n\t\t\t\t\t\t<div class=\"slide-text\" data-mobile-value=\"18\" style=\"\"><p>Lorem ipsum dolor sit amet, consectetur adipiscing elit. Integer et fringilla orci. Maecenas convallis nisl et massa consequat pellentesque. Vivamus sed condimentum enim.<\/p>\n<\/div>\n\t\t\t\t\t\t\n\t\t\t<div class=\"button_wrapper  arrow rounded\"><a href=\"#\" target=\"_self\" title=\"LEARN MORE\" class=\"button_  black small\"><span><span>LEARN MORE<\/span><\/span><\/a><\/div>\n\t\t\n\t\t\t\t\t\t\n\t\t\t\t\t<\/div>\n\t\t\t\t<\/div>\n\t\t\t\n\t\t\t<div class=\"slide-background\" style=\"background-image: url();background-repeat: no-repeat;background-size: cover;background-position: center center;\"><\/div>\n\t\t<\/div>\n\t\t<div class=\"item has-bg-image  alt-style-1\" style=\"min-height: 620px;\" data-color-tone=\"light\">\n\t\t\t\n\t\t\t\n\t\t\t\t<div class=\"slide-content-wrapper default clearfix\" style=\"min-height: 620px;\">\n\t\t\t\t\t<div class=\"slide-content  left text-left\" style=\"width: 50%;\">\n\t\t\t\t\t\t<h2 class=\"slide_heading\" style=\"font-size:46px;\" data-mobile-value=\"28\"  data-maxfont-size=\"46\" data-minfont-size=\"40\">25 Years Experience in the Finance Industry<\/h2>\n\t\t\t\t\t\t<div class=\"slide-text\" data-mobile-value=\"18\" style=\"\"><p>Lorem ipsum dolor sit amet, consectetur adipiscing elit. Integer et fringilla orci. Maecenas convallis nisl et massa consequat pellentesque. Vivamus sed condimentum enim.<\/p>\n<\/div>\n\t\t\t\t\t\t\n\t\t\t<div class=\"button_wrapper  arrow rounded\"><a href=\"#\" target=\"_self\" title=\"LEARN MORE\" class=\"button_  black small\"><span><span>LEARN MORE<\/span><\/span><\/a><\/div>\n\t\t\n\t\t\t\t\t\t\n\t\t\t\t\t<\/div>\n\t\t\t\t<\/div>\n\t\t\t\n\t\t\t<div class=\"slide-background\" style=\"background-image: url();background-repeat: no-repeat;background-size: cover;background-position: center center;\"><\/div>\n\t\t<\/div><\/div><\/div><div class=\"rt-carousel-loading\"><\/div>\n\n\n\t\t\t\t\t<div class=\"text-navigation-holder\" data-slide-count=\"4\">\n\t\t\t\t\t\t<div id=\"home-slider-thumbnails\" class=\"text-navigation-wrapper\">\n\t\t\t\t\t\t\t<a class=\"url\" data-href=\"0\" href=\"javascript:void(0);\"><span>01<\/span>Consultation<\/a><a class=\"url\" data-href=\"1\" href=\"javascript:void(0);\"><span>02<\/span>Marketting<\/a><a class=\"url\" data-href=\"2\" href=\"javascript:void(0);\"><span>03<\/span>Human Resources<\/a><a class=\"url\" data-href=\"3\" href=\"javascript:void(0);\"><span>04<\/span>Finance<\/a>\n\t\t\t\t\t\t<\/div>\n\t\t\t\t\t<\/div>\n\t\t\t\t<\/div>\n\n\t\t<\/div>\n\t<\/div>\n\t<\/div>\n\n<\/div>\n<\/div>\n\n<div  class=\"content_row row vc_row wpb_row  default-style fullwidth fixed_heights rt-flex-wrapper animate-cols rt-flex-wrapper rt-5759440\">\n\t\n\t<div class=\"content_row_wrapper align-contents content-align-bottom default\"><div class=\"tablet-text-center vc_col-sm-12 vc_col-lg-6 wpb_column vc_column_container rt-2349254 tablet-text-center mobile-text-center rt-column-container\">\n\t<div class=\"vc_column-inner rt-column-inner\">\n\t\t<div class=\"wpb_wrapper rt-wrapper\">\n\t\t\t<div class=\"rt-heading-wrapper text-center mobile-text-center\">\n\t\t\t\t\t\t<span class=\"rt-heading\"  style=\"color:#777777!important;margin-bottom:0px!important;\">MEET OUR PROS AND GROW YOUR BUSINESS<\/span>\n\t\t\t\t\t<\/div><div class=\"rt-heading-wrapper text-center mobile-text-center rt-3036040\">\n\t\t\t\t\t\t<h3 class=\"rt-heading\" >Professional Consulting<\/h3>\n\t\t\t\t\t<\/div>\n<div  class=\"content_row row vc_row wpb_row vc_inner  global-style fullwidth animate-cols rt-column-gaps rt-4863508\">\n\t\n\t<div class=\"content_row_wrapper  fullwidth\"><div class=\"vc_col-sm-6 wpb_column vc_column_container rt-5980229 has-custom-margin mobile-border-bottom custom_bg shadow rt-column-container\">\n\t<div class=\"vc_column-inner rt-column-inner\">\n\t\t<div class=\"wpb_wrapper rt-wrapper\">\n\t\t\t<article  class=\"icon-content-box icon-pos-top icon-style-6\"><div class=\"icon-holder\"><span class=\"icon-ecommerce-graph5\"><\/span><\/div><div class=\"text-holder\"><h6 class=\"heading\">Industry Experience<\/h6> <p class=\"aligncenter\">Curabitur ullamcorper ultricies nisi. Nam eget dui. Etiam rhoncus. Maecenas tempus, tellus eget condimentum.<\/p>\n<\/div><\/article>\n\t\t<\/div>\n\t<\/div>\n\t<\/div>\n\n\t<div class=\"vc_col-sm-6 wpb_column vc_column_container rt-4869637 has-custom-margin mobile-border-bottom custom_bg shadow rt-column-container\">\n\t<div class=\"vc_column-inner rt-column-inner\">\n\t\t<div class=\"wpb_wrapper rt-wrapper\">\n\t\t\t<article  class=\"icon-content-box icon-pos-top icon-style-6\"><div class=\"icon-holder\"><span class=\"icon-ecommerce-diamond\"><\/span><\/div><div class=\"text-holder\"><h6 class=\"heading\">Valuable Ideas<\/h6> <p class=\"aligncenter\">Curabitur ullamcorper ultricies nisi. Nam eget dui. Etiam rhoncus. Maecenas tempus, tellus eget condimentum.<\/p>\n<\/div><\/article>\n\t\t<\/div>\n\t<\/div>\n\t<\/div>\n<\/div>\n<\/div>\n\n<div  class=\"content_row row vc_row wpb_row vc_inner  global-style fullwidth animate-cols rt-column-gaps rt-6459172\">\n\t\n\t<div class=\"content_row_wrapper  fullwidth\"><div class=\"vc_col-sm-6 wpb_column vc_column_container rt-7981317 has-custom-margin mobile-border-bottom custom_bg shadow rt-column-container\">\n\t<div class=\"vc_column-inner rt-column-inner\">\n\t\t<div class=\"wpb_wrapper rt-wrapper\">\n\t\t\t<article  class=\"icon-content-box icon-pos-top icon-style-6\"><div class=\"icon-holder\"><span class=\"icon-basic-clock\"><\/span><\/div><div class=\"text-holder\"><h6 class=\"heading\">Excellent Timing<\/h6> <p class=\"aligncenter\">Curabitur ullamcorper ultricies nisi. Nam eget dui. Etiam rhoncus. Maecenas tempus, tellus eget condimentum.<\/p>\n<\/div><\/article>\n\t\t<\/div>\n\t<\/div>\n\t<\/div>\n\n\t<div class=\"vc_col-sm-6 wpb_column vc_column_container rt-5534947 has-custom-margin mobile-border-bottom custom_bg shadow rt-column-container\">\n\t<div class=\"vc_column-inner rt-column-inner\">\n\t\t<div class=\"wpb_wrapper rt-wrapper\">\n\t\t\t<article  class=\"icon-content-box icon-pos-top icon-style-6\"><div class=\"icon-holder\"><span class=\"icon-ecommerce-wallet\"><\/span><\/div><div class=\"text-holder\"><h6 class=\"heading\">Budget Friendly<\/h6> <p class=\"aligncenter\">Curabitur ullamcorper ultricies nisi. Nam eget dui. Etiam rhoncus. Maecenas tempus, tellus eget condimentum.<\/p>\n<\/div><\/article>\n\t\t<\/div>\n\t<\/div>\n\t<\/div>\n<\/div>\n<\/div>\n\n\t\t<\/div>\n\t<\/div>\n\t<\/div>\n\n\t<div class=\"vc_col-sm-12 vc_col-lg-6 wpb_column vc_column_container rt-column-container\">\n\t<div class=\"vc_column-inner rt-column-inner\">\n\t\t<div class=\"wpb_wrapper rt-wrapper\">\n\t\t\t\n\t<div  class=\"wpb_single_image wpb_content_element vc_align_center\">\n\t\t\n\t\t<figure class=\"wpb_wrapper vc_figure\">\n\t\t\t<div class=\"vc_single_image-wrapper   vc_box_border_grey\"><\/div>\n\t\t<\/figure>\n\t<\/div>\n\n\t\t<\/div>\n\t<\/div>\n\t<\/div>\n<\/div>\n<\/div>\n\n<div  class=\"content_row row vc_row wpb_row  alt-style-1 fullwidth border_grid fixed_heights rt-flex-wrapper animate-cols rt-6639381\">\n\t\n\t<div class=\"content_row_wrapper  default\">\n\t<div class=\"vc_col-sm-12 wpb_column vc_column_container rt-column-container\">\n\t<div class=\"vc_column-inner rt-column-inner\">\n\t\t<div class=\"wpb_wrapper rt-wrapper\">\n\t\t\t<div class=\"latest_news style-1 clearfix\"><div class=\"row fixed_heights rt-flex-wrapper clearfix\"><div>\n<article id=\"4759\" class=\"post-4759 post type-post status-publish format-standard hentry category-blog col col-xs-12  col-sm-3\">\n\n\t\t\t\t\t\t<div class=\"text\">\n\t\t\t\t\t\t\t<div class=\"meta-bar\"><span class=\"categories\"><a href=\"https:\/\/www.abpcoaching.com\/en\/category\/blog\/\" rel=\"category tag\">Blog<\/a><\/span>, <span class=\"date\">June 9, 2019<\/span><\/div>\n\t\t\t\t\t\t\t<h5 class=\"heading\"><a class=\"title\" href=\"https:\/\/www.abpcoaching.com\/en\/dynamic-team-leadership-coaching-conhecimento-ferramentas-e-atitudes\/\" title=\"Dynamic Team Leadership Coaching: knowledge, skills and attitudes\" rel=\"bookmark\">Dynamic Team Leadership Coaching: knowledge, skills and attitudes<\/a><\/h5>\t\t\t\t\t\t\n\t\t\t\t\t\t\t\n\t\t\t\t\t\t\t<a href=\"https:\/\/www.abpcoaching.com\/en\/dynamic-team-leadership-coaching-conhecimento-ferramentas-e-atitudes\/\" title=\"Continue reading\"><span class=\"latest-news-button ui-icon-right-arrow-1\"><\/span><\/a>\n\t\t\t\t\t\t<\/div>\n\t\t\t\t\t\t\n<\/article>\n<article id=\"4761\" class=\"post-4761 post type-post status-publish format-standard hentry category-blog col col-xs-12  col-sm-3\">\n\n\t\t\t\t\t\t<div class=\"text\">\n\t\t\t\t\t\t\t<div class=\"meta-bar\"><span class=\"categories\"><a href=\"https:\/\/www.abpcoaching.com\/en\/category\/blog\/\" rel=\"category tag\">Blog<\/a><\/span>, <span class=\"date\">April 23, 2018<\/span><\/div>\n\t\t\t\t\t\t\t<h5 class=\"heading\"><a class=\"title\" href=\"https:\/\/www.abpcoaching.com\/en\/coaching-intercultural\/\" title=\"Intercultural Coaching\" rel=\"bookmark\">Intercultural Coaching<\/a><\/h5>\t\t\t\t\t\t\n\t\t\t\t\t\t\t\n\t\t\t\t\t\t\t<a href=\"https:\/\/www.abpcoaching.com\/en\/coaching-intercultural\/\" title=\"Continue reading\"><span class=\"latest-news-button ui-icon-right-arrow-1\"><\/span><\/a>\n\t\t\t\t\t\t<\/div>\n\t\t\t\t\t\t\n<\/article>\n<article id=\"4763\" class=\"post-4763 post type-post status-publish format-standard hentry category-blog col col-xs-12  col-sm-3\">\n\n\t\t\t\t\t\t<div class=\"text\">\n\t\t\t\t\t\t\t<div class=\"meta-bar\"><span class=\"categories\"><a href=\"https:\/\/www.abpcoaching.com\/en\/category\/blog\/\" rel=\"category tag\">Blog<\/a><\/span>, <span class=\"date\">June 11, 2017<\/span><\/div>\n\t\t\t\t\t\t\t<h5 class=\"heading\"><a class=\"title\" href=\"https:\/\/www.abpcoaching.com\/en\/abracar-desafios-em-conjunto-um-caso-pratico-na-diversidade-e-multiculturalidade\/\" title=\"Embracing challenges together: a case study in diversity and multiculturalism\" rel=\"bookmark\">Embracing challenges together: a case study in diversity and multiculturalism<\/a><\/h5>\t\t\t\t\t\t\n\t\t\t\t\t\t\t\n\t\t\t\t\t\t\t<a href=\"https:\/\/www.abpcoaching.com\/en\/abracar-desafios-em-conjunto-um-caso-pratico-na-diversidade-e-multiculturalidade\/\" title=\"Continue reading\"><span class=\"latest-news-button ui-icon-right-arrow-1\"><\/span><\/a>\n\t\t\t\t\t\t<\/div>\n\t\t\t\t\t\t\n<\/article>\n<article id=\"4765\" class=\"post-4765 post type-post status-publish format-standard hentry category-blog col col-xs-12  col-sm-3\">\n\n\t\t\t\t\t\t<div class=\"text\">\n\t\t\t\t\t\t\t<div class=\"meta-bar\"><span class=\"categories\"><a href=\"https:\/\/www.abpcoaching.com\/en\/category\/blog\/\" rel=\"category tag\">Blog<\/a><\/span>, <span class=\"date\">October 21, 2016<\/span><\/div>\n\t\t\t\t\t\t\t<h5 class=\"heading\"><a class=\"title\" href=\"https:\/\/www.abpcoaching.com\/en\/quarto-periodo-de-executive-coaching-globalizacao-ou-localizacao-do-executive-coaching\/\" title=\"The fourth period of Executive Coaching \u2013 Globalization or localization of Executive Coaching?\" rel=\"bookmark\">The fourth period of Executive Coaching \u2013 Globalization or localization of Executive Coaching?<\/a><\/h5>\t\t\t\t\t\t\n\t\t\t\t\t\t\t\n\t\t\t\t\t\t\t<a href=\"https:\/\/www.abpcoaching.com\/en\/quarto-periodo-de-executive-coaching-globalizacao-ou-localizacao-do-executive-coaching\/\" title=\"Continue reading\"><span class=\"latest-news-button ui-icon-right-arrow-1\"><\/span><\/a>\n\t\t\t\t\t\t<\/div>\n\t\t\t\t\t\t\n<\/article>\n<\/div><\/div>\n<\/div>\n\t\t<\/div>\n\t<\/div>\n\t<\/div>\n\n<\/div>\n<\/div>\n\n<div  class=\"content_row row vc_row wpb_row  light-style fullwidth animate-cols rt-9187675\">\n\t\n\t<div class=\"content_row_wrapper  default\">\n\t<div class=\"vc_col-sm-12 wpb_column vc_column_container rt-1199465 rt-column-container\">\n\t<div class=\"vc_column-inner rt-column-inner\">\n\t\t<div class=\"wpb_wrapper rt-wrapper\">\n\t\t\t<div class=\"rt-heading-wrapper style-4 rt-4485139\">\n\t\t\t\t\t\t<h3 class=\"rt-heading style-4\" >Our Clients<\/h3>\n\t\t\t\t\t<\/div>\n\t<div class=\"wpb_text_column wpb_content_element\" >\n\t\t<div class=\"wpb_wrapper\">\n\t\t\t<p style=\"text-align: center;\">Etiam magna arcu, ullamcorper ut pulvinar et, ornare sit amet ligula. Aliquam vitae bibendum lorem. Cras id dui lectus. Pellentesque nec felis tristique urna lacinia sollicitudin.<\/p>\n\n\t\t<\/div>\n\t<\/div>\n<div class=\"vc_empty_space\"   style=\"height: 30px\"><span class=\"vc_empty_space_inner\"><\/span><\/div>\n\t\t\t<div class=\"rt-gallery clearfix  grid-gallery fixed_heights nogaps\"  ><div class=\"row clearfix\">\n\n\t\t\t\t\t<div class=\"col col-sm-4 col-xs-12\">\n\t\t\t\t\t\t<div class=\"gallery-item-holder\">\n\t\t\t\t\t\t\t<div class=\"image-thumbnail\"><img src=\"\" alt=\"\" ><\/div>\n\t\t\t\t\t\t<\/div>\n\t\t\t\t\t<\/div>\n\t\t\t\t\t<div class=\"col col-sm-4 col-xs-12\">\n\t\t\t\t\t\t<div class=\"gallery-item-holder\">\n\t\t\t\t\t\t\t<div class=\"image-thumbnail\"><img src=\"\" alt=\"\" ><\/div>\n\t\t\t\t\t\t<\/div>\n\t\t\t\t\t<\/div>\n\t\t\t\t\t<div class=\"col col-sm-4 col-xs-12\">\n\t\t\t\t\t\t<div class=\"gallery-item-holder\">\n\t\t\t\t\t\t\t<div class=\"image-thumbnail\"><img src=\"\" alt=\"\" ><\/div>\n\t\t\t\t\t\t<\/div>\n\t\t\t\t\t<\/div><\/div>\n<div class=\"row clearfix\">\n\n\t\t\t\t\t<div class=\"col col-sm-4 col-xs-12\">\n\t\t\t\t\t\t<div class=\"gallery-item-holder\">\n\t\t\t\t\t\t\t<div class=\"image-thumbnail\"><img src=\"\" alt=\"\" ><\/div>\n\t\t\t\t\t\t<\/div>\n\t\t\t\t\t<\/div>\n\t\t\t\t\t<div class=\"col col-sm-4 col-xs-12\">\n\t\t\t\t\t\t<div class=\"gallery-item-holder\">\n\t\t\t\t\t\t\t<div class=\"image-thumbnail\"><img src=\"\" alt=\"\" ><\/div>\n\t\t\t\t\t\t<\/div>\n\t\t\t\t\t<\/div>\n\t\t\t\t\t<div class=\"col col-sm-4 col-xs-12\">\n\t\t\t\t\t\t<div class=\"gallery-item-holder\">\n\t\t\t\t\t\t\t<div class=\"image-thumbnail\"><img src=\"\" alt=\"\" ><\/div>\n\t\t\t\t\t\t<\/div>\n\t\t\t\t\t<\/div><\/div>\n<\/div> \n\t\t\n\t\t<\/div>\n\t<\/div>\n\t<\/div>\n\n<\/div>\n<\/div>\n\n<div  class=\"content_row row vc_row wpb_row  default-style fullwidth animate-cols rt-flex-wrapper rt-8343505\">\n\t\n\t<div class=\"content_row_wrapper align-contents content-align-middle default\">\n\t<div class=\"vc_col-sm-12 wpb_column vc_column_container rt-9630685 rt-column-container\">\n\t<div class=\"vc_column-inner rt-column-inner\">\n\t\t<div class=\"wpb_wrapper rt-wrapper\">\n\t\t\t<div class=\"vc_separator wpb_content_element vc_separator_align_center vc_sep_width_100 vc_sep_style-3 vc_sep_pos_align_center vc_separator_no_text\" ><span class=\"vc_sep_holder vc_sep_holder_l\"><span  class=\"vc_sep_line\"><\/span><\/span><span class=\"vc_sep_holder vc_sep_holder_r\"><span  class=\"vc_sep_line\"><\/span><\/span>\n<\/div><div class=\"rt-heading-wrapper text-center mobile-text-center rt-7603973\">\n\t\t\t\t\t\t<span class=\"punchline\">testimonials<\/span><h3 class=\"rt-heading with_punchline\" >What They Are Saying <\/h3>\n\t\t\t\t\t<\/div>\n\t\t\t\t<div id=\"testimonial-dynamicID-269437\" class=\"rt-carousel carousel-holder clearfix testimonial-carousel testimonials center boxed-carousel rt_lightbox_gallery\" data-item-width=\"3\" data-nav=\"true\" data-dots=\"true\" data-margin=\"40\" data-autoplay=\"false\" data-timeout=\"5000\" data-thumbnails=\"false\" data-boxed=\"true\" data-min-height=\"\" data-padding=\"0\" data-loop=\"false\" data-tablet-item-width=\"2\" data-mobile-item-width=\"1\">\n\t\t\t\t\t<div class=\"owl-carousel\">\n\t\t\t\t\t\t<div class=\"boxed\"><div class=\"testimonial item\">\n\n<div class=\"text\">\n\t<span class=\"quote\">&#8220;<\/span>\n\t<h6>Testemunho TEAM COACHING 3<\/h6>\tIt was important to have a specific space for reflection together and, in a way, away from the speed of the company's events.\t\n<\/div>\n\n\n\n\t<div class=\"client-info\">\n\t\t\t<h6><\/h6>\n\t\t\t\t\t\n\t\t\t\t\t\t\t\n\t\t\t\t\n\t<\/div>\n<\/div>\n<\/div><div class=\"boxed\"><div class=\"testimonial item\">\n\n<div class=\"text\">\n\t<span class=\"quote\">&#8220;<\/span>\n\t<h6>Testemunho TEAM COACHING 2<\/h6>\tA process that produces feelings of participation in the company's strategy, with results for change and reflection on very pertinent topics.\t\n<\/div>\n\n\n\n\t<div class=\"client-info\">\n\t\t\t<h6><\/h6>\n\t\t\t\t\t\n\t\t\t\t\t\t\t\n\t\t\t\t\n\t<\/div>\n<\/div>\n<\/div><div class=\"boxed\"><div class=\"testimonial item\">\n\n<div class=\"text\">\n\t<span class=\"quote\">&#8220;<\/span>\n\t<h6>Testemunho TEAM COACHING 1<\/h6>\tProcess that enhances communication and proximity\/openness among peers and develops team spirit.\t\n<\/div>\n\n\n\n\t<div class=\"client-info\">\n\t\t\t<h6><\/h6>\n\t\t\t\t\t\n\t\t\t\t\t\t\t\n\t\t\t\t\n\t<\/div>\n<\/div>\n<\/div><div class=\"boxed\"><div class=\"testimonial item\">\n\n<div class=\"text\">\n\t<span class=\"quote\">&#8220;<\/span>\n\t<h6>Testemunho EXECUTIVE COACHING 4<\/h6>\tGreater security in decision making. Awareness that the key to decisions lies within us. Realization of the need to put ourselves in the other person's shoes.\t\n<\/div>\n\n\n\n\t<div class=\"client-info\">\n\t\t\t<h6><\/h6>\n\t\t\t\t\t\n\t\t\t\t\t\t\t\n\t\t\t\t\n\t<\/div>\n<\/div>\n<\/div><div class=\"boxed\"><div class=\"testimonial item\">\n\n<div class=\"text\">\n\t<span class=\"quote\">&#8220;<\/span>\n\t<h6>Testemunho EXECUTIVE COACHING 3<\/h6>\tIdentifica\u00e7\u00e3o de pontos de melhoria (\"bloqueios\") do ponto de vista da aplica\u00e7\u00e3o de pr\u00e1ticas de gest\u00e3o que permitiu otimizar processos de intera\u00e7\u00e3o com a equipa e a melhorar o desempenho na globalidade.\t\n<\/div>\n\n\n\n\t<div class=\"client-info\">\n\t\t\t<h6><\/h6>\n\t\t\t\t\t\n\t\t\t\t\t\t\t\n\t\t\t\t\n\t<\/div>\n<\/div>\n<\/div><div class=\"boxed\"><div class=\"testimonial item\">\n\n<div class=\"text\">\n\t<span class=\"quote\">&#8220;<\/span>\n\t<h6>Testemunho EXECUTIVE COACHING 2<\/h6>\tRefor\u00e7o da consciencializa\u00e7\u00e3o da minha capacidade de \"fazer\" e conduzir outros \u00e0 a\u00e7\u00e3o.\t\n<\/div>\n\n\n\n\t<div class=\"client-info\">\n\t\t\t<h6><\/h6>\n\t\t\t\t\t\n\t\t\t\t\t\t\t\n\t\t\t\t\n\t<\/div>\n<\/div>\n<\/div><div class=\"boxed\"><div class=\"testimonial item\">\n\n<div class=\"text\">\n\t<span class=\"quote\">&#8220;<\/span>\n\t<h6>Testemunho EXECUTIVE COACHING 1<\/h6>\tA import\u00e2ncia da delega\u00e7\u00e3o e do foco do gestor na gest\u00e3o estrat\u00e9gica. A import\u00e2ncia da comunica\u00e7\u00e3o e do acompanhamento individual dos colaboradores. A import\u00e2ncia da \"conquista\" e envolvimento dos stakeholders.\t\n<\/div>\n\n\n\n\t<div class=\"client-info\">\n\t\t\t<h6><\/h6>\n\t\t\t\t\t\n\t\t\t\t\t\t\t\n\t\t\t\t\n\t<\/div>\n<\/div>\n<\/div><div class=\"boxed\"><div class=\"testimonial item\">\n\n<div class=\"text\">\n\t<span class=\"quote\">&#8220;<\/span>\n\t<h6>Testemunho GROUP COACHING 4<\/h6>\tTo have the possibility of listening and sharing situations. To have a notion of other realities and other ways to overcome situations, learn with the group new ways to act, listen to suggestions, ask for help and commitments.\t\n<\/div>\n\n\n\n\t<div class=\"client-info\">\n\t\t\t<h6><\/h6>\n\t\t\t\t\t\n\t\t\t\t\t\t\t\n\t\t\t\t\n\t<\/div>\n<\/div>\n<\/div><div class=\"boxed\"><div class=\"testimonial item\">\n\n<div class=\"text\">\n\t<span class=\"quote\">&#8220;<\/span>\n\t<h6>Testemunho GROUP COACHING 3<\/h6>\tAfter having my bases \"more cemented\" and having put into practice some of the tools provided by individual coaching, it is essential to be able to share experiences and teachings with other colleagues. Not only to be aware that we all have difficulties and, in many cases identical, but also to share valuable tools for our daily lives.\t\n<\/div>\n\n\n\n\t<div class=\"client-info\">\n\t\t\t<h6><\/h6>\n\t\t\t\t\t\n\t\t\t\t\t\t\t\n\t\t\t\t\n\t<\/div>\n<\/div>\n<\/div><div class=\"boxed\"><div class=\"testimonial item\">\n\n<div class=\"text\">\n\t<span class=\"quote\">&#8220;<\/span>\n\t<h6>Testemunho GROUP COACHING 2<\/h6>\tBe more sensitive to the reality of others and the company.\t\n<\/div>\n\n\n\n\t<div class=\"client-info\">\n\t\t\t<h6><\/h6>\n\t\t\t\t\t\n\t\t\t\t\t\t\t\n\t\t\t\t\n\t<\/div>\n<\/div>\n<\/div>\n\t\t\t\t\t<\/div>\n\t\t\t\t\t\n\t\t\t\t<div id=\"testimonial-dynamicID-269437-dots\" class=\"dots-holder\">\n\t\t\t\t<\/div>\n\t\t\t\n\t\t\t\t\t\n\t\t\t\t<\/div>\n\t\t\t\n\t\t<\/div>\n\t<\/div>\n\t<\/div>\n\n<\/div>\n<\/div>","protected":false},"excerpt":{"rendered":"","protected":false},"author":1,"featured_media":0,"parent":0,"menu_order":0,"comment_status":"closed","ping_status":"closed","template":"","meta":[],"_links":{"self":[{"href":"https:\/\/www.abpcoaching.com\/en\/wp-json\/wp\/v2\/pages\/4023"}],"collection":[{"href":"https:\/\/www.abpcoaching.com\/en\/wp-json\/wp\/v2\/pages"}],"about":[{"href":"https:\/\/www.abpcoaching.com\/en\/wp-json\/wp\/v2\/types\/page"}],"author":[{"embeddable":true,"href":"https:\/\/www.abpcoaching.com\/en\/wp-json\/wp\/v2\/users\/1"}],"replies":[{"embeddable":true,"href":"https:\/\/www.abpcoaching.com\/en\/wp-json\/wp\/v2\/comments?post=4023"}],"version-history":[{"count":0,"href":"https:\/\/www.abpcoaching.com\/en\/wp-json\/wp\/v2\/pages\/4023\/revisions"}],"wp:attachment":[{"href":"https:\/\/www.abpcoaching.com\/en\/wp-json\/wp\/v2\/media?parent=4023"}],"curies":[{"name":"wp","href":"https:\/\/api.w.org\/{rel}","templated":true}]}}