{"id":4986,"date":"2019-09-23T16:20:49","date_gmt":"2019-09-23T16:20:49","guid":{"rendered":"http:\/\/abpcoaching.com\/?page_id=4986"},"modified":"2025-03-04T17:59:42","modified_gmt":"2025-03-04T17:59:42","slug":"noticias","status":"publish","type":"page","link":"https:\/\/www.abpcoaching.com\/en\/noticias\/","title":{"rendered":"NEWS"},"content":{"rendered":"<div  class=\"content_row row vc_row wpb_row  default-style fullwidth animate-cols rt-flex-wrapper align-columns column-align-middle rt-4289299\">\n\t\n\t<div class=\"content_row_wrapper  default\"><div class=\"vc_col-sm-3 wpb_column vc_column_container vc_custom_1569257636966 rt-1888202 rt-column-container\">\n\t<div class=\"vc_column-inner rt-column-inner\">\n\t\t<div class=\"wpb_wrapper rt-wrapper\">\n\t\t\t\n\t<div class=\"wpb_text_column wpb_content_element\" >\n\t\t<div class=\"wpb_wrapper\">\n\t\t\t<p>\u201c<span class=\"JsGRdQ\">Propostas desafiadoras em &#8216;coaching&#8217;<\/span><span id=\"hs_cos_wrapper_name\" class=\"hs_cos_wrapper hs_cos_wrapper_meta_field hs_cos_wrapper_type_text\" data-hs-cos-general-type=\"meta_field\" data-hs-cos-type=\"text\">\u201d,<\/span>\u00a0Revista Human, February, 2021<\/p>\n\n\t\t<\/div>\n\t<\/div>\n<div class=\"vc_btn3-container vc_btn3-left\" ><a class=\"vc_general vc_btn3 vc_btn3-size-xs vc_btn3-shape-square vc_btn3-style-classic vc_btn3-color-black\" href=\"https:\/\/www.abpcoaching.com\/wp-content\/uploads\/2021\/04\/Human_Article.pdf\" title=\"\" target=\"_blank\">More information<\/a><\/div>\n\t\t<\/div>\n\t<\/div>\n\t<\/div>\n\n\t<div class=\"vc_col-sm-3 wpb_column vc_column_container vc_custom_1573666952225 rt-8799834 rt-column-container\">\n\t<div class=\"vc_column-inner rt-column-inner\">\n\t\t<div class=\"wpb_wrapper rt-wrapper\">\n\t\t\t\n\t<div class=\"wpb_text_column wpb_content_element\" >\n\t\t<div class=\"wpb_wrapper\">\n\t\t\t<p style=\"text-align: left;\">\u201cO Coaching como Motor de Lideran\u00e7a\u201d, Revista Lideran\u00e7a no Feminino, February, 2020<\/p>\n\n\t\t<\/div>\n\t<\/div>\n<div class=\"vc_btn3-container vc_btn3-left\" ><a class=\"vc_general vc_btn3 vc_btn3-size-xs vc_btn3-shape-square vc_btn3-style-classic vc_btn3-color-black\" href=\"https:\/\/liderancanofeminino.org\/o-coaching-como-motor-de-lideranca\/\" title=\"\" target=\"_blank\">More information<\/a><\/div>\n\t\t<\/div>\n\t<\/div>\n\t<\/div>\n\n\t<div class=\"vc_col-sm-3 wpb_column vc_column_container vc_custom_1573666989959 rt-2187459 rt-column-container\">\n\t<div class=\"vc_column-inner rt-column-inner\">\n\t\t<div class=\"wpb_wrapper rt-wrapper\">\n\t\t\t\n\t<div class=\"wpb_text_column wpb_content_element\" >\n\t\t<div class=\"wpb_wrapper\">\n\t\t\t<p style=\"text-align: left;\">\u201cCoaching Intercultural e Prop\u00f3sito\u201d, Selecta\/O Estado de S\u00e3o Paulo, April 29, 2018<\/p>\n\n\t\t<\/div>\n\t<\/div>\n<div class=\"vc_btn3-container vc_btn3-left\" ><a class=\"vc_general vc_btn3 vc_btn3-size-xs vc_btn3-shape-square vc_btn3-style-classic vc_btn3-color-black\" href=\"http:\/\/www.selecta-es.com.br\/coaching-intercultural-e-proposito\/\" title=\"\" target=\"_blank\">More information<\/a><\/div>\n\t\t<\/div>\n\t<\/div>\n\t<\/div>\n\n\t<div class=\"vc_col-sm-3 wpb_column vc_column_container vc_custom_1573666922595 rt-8622788 rt-column-container\">\n\t<div class=\"vc_column-inner rt-column-inner\">\n\t\t<div class=\"wpb_wrapper rt-wrapper\">\n\t\t\t\n\t<div class=\"wpb_text_column wpb_content_element\" >\n\t\t<div class=\"wpb_wrapper\">\n\t\t\t<p style=\"text-align: left;\">\u201cAlexandra Barosa Pereira: uma nova necessidade organizacional\u201d, Human, February, 2018<\/p>\n\n\t\t<\/div>\n\t<\/div>\n<div class=\"vc_btn3-container vc_btn3-left\" ><a class=\"vc_general vc_btn3 vc_btn3-size-xs vc_btn3-shape-square vc_btn3-style-classic vc_btn3-color-black\" href=\"\/wp-content\/uploads\/2019\/11\/HUMAN_FEVEREIRO_2018.pdf\" title=\"\" target=\"_blank\">More information<\/a><\/div>\n\t\t<\/div>\n\t<\/div>\n\t<\/div>\n<\/div>\n<\/div>\n\n<div  class=\"content_row row vc_row wpb_row  default-style fullwidth animate-cols rt-flex-wrapper align-columns column-align-middle rt-5392243\">\n\t\n\t<div class=\"content_row_wrapper  default\"><div class=\"vc_col-sm-3 wpb_column vc_column_container vc_custom_1569257627711 rt-6751818 rt-column-container\">\n\t<div class=\"vc_column-inner rt-column-inner\">\n\t\t<div class=\"wpb_wrapper rt-wrapper\">\n\t\t\t\n\t<div class=\"wpb_text_column wpb_content_element\" >\n\t\t<div class=\"wpb_wrapper\">\n\t\t\t<p style=\"text-align: left;\">\u201cComo \u00e9 que a evolu\u00e7\u00e3o tecnol\u00f3gica tem influenciado o seu trabalho?\u201d, Human, November, 2016<\/p>\n\n\t\t<\/div>\n\t<\/div>\n<div class=\"vc_btn3-container vc_btn3-left\" ><a class=\"vc_general vc_btn3 vc_btn3-size-xs vc_btn3-shape-square vc_btn3-style-classic vc_btn3-color-black\" href=\"\/wp-content\/uploads\/2019\/11\/HUMAN_NOVEMBRO_2016.pdf\" title=\"\" target=\"_blank\">More information<\/a><\/div>\n\t\t<\/div>\n\t<\/div>\n\t<\/div>\n\n\t<div class=\"vc_col-sm-3 wpb_column vc_column_container vc_custom_1569257613784 rt-1623785 rt-column-container\">\n\t<div class=\"vc_column-inner rt-column-inner\">\n\t\t<div class=\"wpb_wrapper rt-wrapper\">\n\t\t\t\n\t<div class=\"wpb_text_column wpb_content_element\" >\n\t\t<div class=\"wpb_wrapper\">\n\t\t\t<p class=\"p1\"><span class=\"s1\">\u201cComo pode ajudar os profissionais?\u201d, Human, February, 2016<\/span><\/p>\n\n\t\t<\/div>\n\t<\/div>\n<div class=\"vc_btn3-container vc_btn3-left\" ><a class=\"vc_general vc_btn3 vc_btn3-size-xs vc_btn3-shape-square vc_btn3-style-classic vc_btn3-color-black\" href=\"\/wp-content\/uploads\/2019\/11\/HUMAN_FEVEREIRO_2016.pdf\" title=\"\" target=\"_blank\">More information<\/a><\/div>\n\t\t<\/div>\n\t<\/div>\n\t<\/div>\n\n\t<div class=\"vc_col-sm-3 wpb_column vc_column_container vc_custom_1573666967600 rt-9279292 rt-column-container\">\n\t<div class=\"vc_column-inner rt-column-inner\">\n\t\t<div class=\"wpb_wrapper rt-wrapper\">\n\t\t\t\n\t<div class=\"wpb_text_column wpb_content_element\" >\n\t\t<div class=\"wpb_wrapper\">\n\t\t\t<p style=\"text-align: left;\">\u201cA diferen\u00e7a entre fazer, ter e ser no novo ano\u201d, Human, January, 2016<\/p>\n\n\t\t<\/div>\n\t<\/div>\n<div class=\"vc_btn3-container vc_btn3-left\" ><a class=\"vc_general vc_btn3 vc_btn3-size-xs vc_btn3-shape-square vc_btn3-style-classic vc_btn3-color-black\" href=\"\/wp-content\/uploads\/2019\/11\/HUMAN_JANEIRO_2016.pdf\" title=\"\" target=\"_blank\">More information<\/a><\/div>\n\t\t<\/div>\n\t<\/div>\n\t<\/div>\n\n\t<div class=\"vc_col-sm-3 wpb_column vc_column_container vc_custom_1569257636966 rt-1888202 rt-column-container\">\n\t<div class=\"vc_column-inner rt-column-inner\">\n\t\t<div class=\"wpb_wrapper rt-wrapper\">\n\t\t\t\n\t<div class=\"wpb_text_column wpb_content_element\" >\n\t\t<div class=\"wpb_wrapper\">\n\t\t\t<p class=\"p1\"><span class=\"s1\">\u201cDesafios interculturais na GRH, Expo RH News, 2015<\/span><\/p>\n\n\t\t<\/div>\n\t<\/div>\n<div class=\"vc_btn3-container vc_btn3-left\" ><a class=\"vc_general vc_btn3 vc_btn3-size-xs vc_btn3-shape-square vc_btn3-style-classic vc_btn3-color-black\" href=\"\/wp-content\/uploads\/2019\/11\/EXPORH_NEWS_IFE-INTERNATIONAL_FACULTY_FOR_EXECUTIVES_EDIC\u0327A\u0303O_N5_18_19_MARC\u0327O_2015.pdf\" title=\"\" target=\"_blank\">More information<\/a><\/div>\n\t\t<\/div>\n\t<\/div>\n\t<\/div>\n<\/div>\n<\/div>\n\n<div  class=\"content_row row vc_row wpb_row  default-style fullwidth animate-cols rt-flex-wrapper align-columns column-align-middle rt-7703252\">\n\t\n\t<div class=\"content_row_wrapper  default\"><div class=\"vc_col-sm-3 wpb_column vc_column_container vc_custom_1569257682270 rt-5742037 rt-column-container\">\n\t<div class=\"vc_column-inner rt-column-inner\">\n\t\t<div class=\"wpb_wrapper rt-wrapper\">\n\t\t\t\n\t<div class=\"wpb_text_column wpb_content_element\" >\n\t\t<div class=\"wpb_wrapper\">\n\t\t\t<p style=\"text-align: left;\">\u201cCoaching, os desafios para 2015\u201d, Revista Human, February, 2015<\/p>\n\n\t\t<\/div>\n\t<\/div>\n<div class=\"vc_btn3-container vc_btn3-left\" ><a class=\"vc_general vc_btn3 vc_btn3-size-xs vc_btn3-shape-square vc_btn3-style-classic vc_btn3-color-black\" href=\"\/wp-content\/uploads\/2019\/11\/HUMAN_FEVEREIRO_2015.pdf\" title=\"\" target=\"_blank\">More information<\/a><\/div>\n\t\t<\/div>\n\t<\/div>\n\t<\/div>\n\n\t<div class=\"vc_col-sm-3 wpb_column vc_column_container vc_custom_1569257716439 rt-4675255 rt-column-container\">\n\t<div class=\"vc_column-inner rt-column-inner\">\n\t\t<div class=\"wpb_wrapper rt-wrapper\">\n\t\t\t\n\t<div class=\"wpb_text_column wpb_content_element\" >\n\t\t<div class=\"wpb_wrapper\">\n\t\t\t<p style=\"text-align: left;\">\u201cN\u00e3o consegui ficar indiferente ao fasc\u00ednio do coaching\u201d, Human, March, 2014<\/p>\n\n\t\t<\/div>\n\t<\/div>\n<div class=\"vc_btn3-container vc_btn3-left\" ><a class=\"vc_general vc_btn3 vc_btn3-size-xs vc_btn3-shape-square vc_btn3-style-classic vc_btn3-color-black\" href=\"\/wp-content\/uploads\/2019\/11\/HUMAN_MARC\u0327O_2014.pdf\" title=\"\" target=\"_blank\">More information<\/a><\/div>\n\t\t<\/div>\n\t<\/div>\n\t<\/div>\n\n\t<div class=\"vc_col-sm-3 wpb_column vc_column_container vc_custom_1569257732372 rt-4470068 rt-column-container\">\n\t<div class=\"vc_column-inner rt-column-inner\">\n\t\t<div class=\"wpb_wrapper rt-wrapper\">\n\t\t\t\n\t<div class=\"wpb_text_column wpb_content_element\" >\n\t\t<div class=\"wpb_wrapper\">\n\t\t\t<p class=\"p1\">\u201cABP Corporate Coaching \u2013 Desenvolver Compet\u00eancias\u201d, P\u00fablico, Revista Pa\u00eds Positivo, March 9, 2010<\/p>\n\n\t\t<\/div>\n\t<\/div>\n<div class=\"vc_btn3-container vc_btn3-left\" ><a class=\"vc_general vc_btn3 vc_btn3-size-xs vc_btn3-shape-square vc_btn3-style-classic vc_btn3-color-black\" href=\"\/wp-content\/uploads\/2019\/09\/desenvolver_competencias_Pais-Positivo.pdf\" title=\"\" target=\"_blank\">More information<\/a><\/div>\n\t\t<\/div>\n\t<\/div>\n\t<\/div>\n\n\t<div class=\"vc_col-sm-3 wpb_column vc_column_container rt-9179277 rt-column-container\">\n\t<div class=\"vc_column-inner rt-column-inner\">\n\t\t<div class=\"wpb_wrapper rt-wrapper\">\n\t\t\t\n\t<div class=\"wpb_text_column wpb_content_element\" >\n\t\t<div class=\"wpb_wrapper\">\n\t\t\t<p style=\"text-align: left;\">\u201cRH Treino\u201d (entrevista), channel-partner, February, 2009<\/p>\n\n\t\t<\/div>\n\t<\/div>\n<div class=\"vc_btn3-container vc_btn3-left\" ><a class=\"vc_general vc_btn3 vc_btn3-size-xs vc_btn3-shape-square vc_btn3-style-classic vc_btn3-color-black\" href=\"https:\/\/www.abpcoaching.com\/wp-content\/uploads\/2021\/08\/channel-partners-Fev09.pdf\" title=\"\" target=\"_blank\">More information<\/a><\/div>\n\t\t<\/div>\n\t<\/div>\n\t<\/div>\n<\/div>\n<\/div>\n\n<div  class=\"content_row row vc_row wpb_row  default-style fullwidth animate-cols rt-flex-wrapper align-columns column-align-middle rt-column-gaps rt-5864490\">\n\t\n\t<div class=\"content_row_wrapper  default\"><div class=\"vc_col-sm-3 wpb_column vc_column_container vc_custom_1569258036785 rt-4175092 rt-column-container\">\n\t<div class=\"vc_column-inner rt-column-inner\">\n\t\t<div class=\"wpb_wrapper rt-wrapper\">\n\t\t\t\n\t<div class=\"wpb_text_column wpb_content_element\" >\n\t\t<div class=\"wpb_wrapper\">\n\t\t\t<p style=\"text-align: left;\">\u201cGrandes l\u00edderes de empresas t\u00eam um \u2018coach\u2019. E voc\u00ea?\u201d, Di\u00e1rio Econ\u00f3mico, October 10, 2008<\/p>\n\n\t\t<\/div>\n\t<\/div>\n<div class=\"vc_btn3-container vc_btn3-left\" ><a class=\"vc_general vc_btn3 vc_btn3-size-xs vc_btn3-shape-square vc_btn3-style-classic vc_btn3-color-black\" href=\"\/wp-content\/uploads\/2019\/09\/Seman-rio-Econ\u00a2mico-2008.pdf\" title=\"\" target=\"_blank\">More information<\/a><\/div>\n\t\t<\/div>\n\t<\/div>\n\t<\/div>\n\n\t<div class=\"vc_col-sm-3 wpb_column vc_column_container vc_custom_1569258047660 rt-6555717 rt-column-container\">\n\t<div class=\"vc_column-inner rt-column-inner\">\n\t\t<div class=\"wpb_wrapper rt-wrapper\">\n\t\t\t\n\t<div class=\"wpb_text_column wpb_content_element\" >\n\t\t<div class=\"wpb_wrapper\">\n\t\t\t<p>\u201cPedro Norton \u2013 O escolhido por Pinto Balsem\u00e3o\u201d, P\u00fablico P2, March 12, 2008<\/p>\n\n\t\t<\/div>\n\t<\/div>\n<div class=\"vc_btn3-container vc_btn3-left\" ><a class=\"vc_general vc_btn3 vc_btn3-size-xs vc_btn3-shape-square vc_btn3-style-classic vc_btn3-color-black\" href=\"https:\/\/www.publico.pt\/2008\/03\/12\/jornal\/pedro-norton--o-escolhido-por--pinto-balsemao-252774\" title=\"\" target=\"_blank\">More information<\/a><\/div>\n\t\t<\/div>\n\t<\/div>\n\t<\/div>\n\n\t<div class=\"vc_col-sm-3 wpb_column vc_column_container rt-column-container\">\n\t<div class=\"vc_column-inner rt-column-inner\">\n\t\t<div class=\"wpb_wrapper rt-wrapper\">\n\t\t\t\n\t<div class=\"wpb_text_column wpb_content_element\" >\n\t\t<div class=\"wpb_wrapper\">\n\t\t\t<p class=\"p1\"><span class=\"s1\">\u201cUma sess\u00e3o de coaching na primeira pessoa\u201d, P\u00fablico, December 18, 2007<\/span><\/p>\n\n\t\t<\/div>\n\t<\/div>\n<div class=\"vc_btn3-container vc_btn3-left vc_custom_1573663681054\" ><a class=\"vc_general vc_btn3 vc_btn3-size-xs vc_btn3-shape-square vc_btn3-style-classic vc_btn3-color-black\" href=\"https:\/\/www.publico.pt\/2007\/12\/18\/jornal\/uma-sessao-de-coaching-na-primeira-pessoa-241987\" title=\"\" target=\"_blank\">More information<\/a><\/div>\n\t\t<\/div>\n\t<\/div>\n\t<\/div>\n\n\t<div class=\"vc_col-sm-3 wpb_column vc_column_container rt-column-container\">\n\t<div class=\"vc_column-inner rt-column-inner\">\n\t\t<div class=\"wpb_wrapper rt-wrapper\">\n\t\t\t\n\t<div class=\"wpb_text_column wpb_content_element\" >\n\t\t<div class=\"wpb_wrapper\">\n\t\t\t<p>\u201cOrgulhosamente \u00fanicos\u201d, P\u00fablico P2, December 18, 2007<\/p>\n\n\t\t<\/div>\n\t<\/div>\n<div class=\"vc_btn3-container vc_btn3-left\" ><a class=\"vc_general vc_btn3 vc_btn3-size-xs vc_btn3-shape-square vc_btn3-style-classic vc_btn3-color-black\" href=\"\/wp-content\/uploads\/2019\/09\/publico-coaching-181207.pdf\" title=\"\" target=\"_blank\">More information<\/a><\/div>\n\t<div class=\"wpb_text_column wpb_content_element\" >\n\t\t<div class=\"wpb_wrapper\">\n\t\t\t<p><a href=\"https:\/\/www.publico.pt\/2009\/08\/15\/jornal\/orgulhosamente-unicos-17474380\" target=\"_blank\" rel=\"noopener noreferrer\">Link 1 P\u00fablico online<\/a><\/p>\n\n\t\t<\/div>\n\t<\/div>\n\n\t\t<\/div>\n\t<\/div>\n\t<\/div>\n<\/div>\n<\/div>\n\n<div  class=\"content_row row vc_row wpb_row  default-style fullwidth animate-cols rt-flex-wrapper align-columns column-align-middle rt-column-gaps rt-6115769\">\n\t\n\t<div class=\"content_row_wrapper  default\"><div class=\"vc_col-sm-3 wpb_column vc_column_container vc_custom_1569258028432 rt-7280406 rt-column-container\">\n\t<div class=\"vc_column-inner rt-column-inner\">\n\t\t<div class=\"wpb_wrapper rt-wrapper\">\n\t\t\t\n\t<div class=\"wpb_text_column wpb_content_element\" >\n\t\t<div class=\"wpb_wrapper\">\n\t\t\t<p class=\"p1\">\u201cCoaching intercultural\u201d, Jornal OJE, November 5, 2007<\/p>\n\n\t\t<\/div>\n\t<\/div>\n<div class=\"vc_btn3-container vc_btn3-left vc_custom_1628186293399\" ><a class=\"vc_general vc_btn3 vc_btn3-size-xs vc_btn3-shape-square vc_btn3-style-classic vc_btn3-color-black\" href=\"https:\/\/www.abpcoaching.com\/wp-content\/uploads\/2021\/08\/Jornal-OJE-Nov07.pdf\" title=\"\" target=\"_blank\">More information<\/a><\/div>\n\t\t<\/div>\n\t<\/div>\n\t<\/div>\n\n\t<div class=\"vc_col-sm-3 wpb_column vc_column_container vc_custom_1569258036785 rt-4175092 rt-column-container\">\n\t<div class=\"vc_column-inner rt-column-inner\">\n\t\t<div class=\"wpb_wrapper rt-wrapper\">\n\t\t\t\n\t<div class=\"wpb_text_column wpb_content_element\" >\n\t\t<div class=\"wpb_wrapper\">\n\t\t\t<p style=\"text-align: left;\">\u201cMercer lan\u00e7a em Portugal \u00e1rea especialista em Coaching\u201d, Seman\u00e1rio Econ\u00f3mico, October 4, 2007<\/p>\n\n\t\t<\/div>\n\t<\/div>\n<div class=\"vc_btn3-container vc_btn3-left vc_custom_1628185790235\" ><a class=\"vc_general vc_btn3 vc_btn3-size-xs vc_btn3-shape-square vc_btn3-style-classic vc_btn3-color-black\" href=\"https:\/\/www.abpcoaching.com\/wp-content\/uploads\/2019\/09\/Seman-rioEcon\u00a2mico-Coaching-041007.pdf\" title=\"\" target=\"_blank\">More information<\/a><\/div>\n\t\t<\/div>\n\t<\/div>\n\t<\/div>\n\n\t<div class=\"vc_col-sm-3 wpb_column vc_column_container vc_custom_1569258047660 rt-6555717 rt-column-container\">\n\t<div class=\"vc_column-inner rt-column-inner\">\n\t\t<div class=\"wpb_wrapper rt-wrapper\">\n\t\t\t\n\t<div class=\"wpb_text_column wpb_content_element\" >\n\t\t<div class=\"wpb_wrapper\">\n\t\t\t<p class=\"p1\">\u201cManual de Coaching\u201d, P\u00fablico, August, 2007<\/p>\n\n\t\t<\/div>\n\t<\/div>\n<div class=\"vc_btn3-container vc_btn3-left vc_custom_1572950598399\" ><a class=\"vc_general vc_btn3 vc_btn3-size-xs vc_btn3-shape-square vc_btn3-style-classic vc_btn3-color-black\" href=\"https:\/\/www.publico.pt\/2007\/08\/01\/economia\/noticia\/manual-de-coaching-1301069\" title=\"\" target=\"_blank\">More information<\/a><\/div>\n\t\t<\/div>\n\t<\/div>\n\t<\/div>\n\n\t<div class=\"vc_col-sm-3 wpb_column vc_column_container rt-column-container\">\n\t<div class=\"vc_column-inner rt-column-inner\">\n\t\t<div class=\"wpb_wrapper rt-wrapper\">\n\t\t\t\n\t<div class=\"wpb_text_column wpb_content_element\" >\n\t\t<div class=\"wpb_wrapper\">\n\t\t\t<p>\u201cEm busca do nosso melhor \u201ceu\u201d \u2013 Livro sobre Coaching ajuda empresas\u201d, revista Capital do M\u00f3vel, August, 2007<\/p>\n\n\t\t<\/div>\n\t<\/div>\n<div class=\"vc_btn3-container vc_btn3-left\" ><a class=\"vc_general vc_btn3 vc_btn3-size-xs vc_btn3-shape-square vc_btn3-style-classic vc_btn3-color-black\" href=\"\/wp-content\/uploads\/2019\/09\/CapitaldoM\u00a2velAgo.07.pdf\" title=\"\" target=\"_blank\">More information<\/a><\/div>\n\t\t<\/div>\n\t<\/div>\n\t<\/div>\n<\/div>\n<\/div>\n\n<div  class=\"content_row row vc_row wpb_row  default-style fullwidth animate-cols rt-flex-wrapper align-columns column-align-middle rt-column-gaps rt-4411621\">\n\t\n\t<div class=\"content_row_wrapper  default\"><div class=\"vc_col-sm-3 wpb_column vc_column_container vc_custom_1569258028432 rt-7280406 rt-column-container\">\n\t<div class=\"vc_column-inner rt-column-inner\">\n\t\t<div class=\"wpb_wrapper rt-wrapper\">\n\t\t\t\n\t<div class=\"wpb_text_column wpb_content_element\" >\n\t\t<div class=\"wpb_wrapper\">\n\t\t\t<p style=\"text-align: left;\">\u201cDicion\u00e1rio de Gest\u00e3o > Coaching\u201d, Revista Exame, July, 2007<\/p>\n\n\t\t<\/div>\n\t<\/div>\n<div class=\"vc_btn3-container vc_btn3-left\" ><a class=\"vc_general vc_btn3 vc_btn3-size-xs vc_btn3-shape-square vc_btn3-style-classic vc_btn3-color-black\" href=\"\/wp-content\/uploads\/2019\/09\/ExameJul07_1.pdf\" title=\"\" target=\"_blank\">More information<\/a><\/div>\n\t\t<\/div>\n\t<\/div>\n\t<\/div>\n\n\t<div class=\"vc_col-sm-3 wpb_column vc_column_container vc_custom_1569258036785 rt-4175092 rt-column-container\">\n\t<div class=\"vc_column-inner rt-column-inner\">\n\t\t<div class=\"wpb_wrapper rt-wrapper\">\n\t\t\t\n\t<div class=\"wpb_text_column wpb_content_element\" >\n\t\t<div class=\"wpb_wrapper\">\n\t\t\t<p class=\"p1\">Sucesso.pt \u2013 SIC Not\u00edcias, July 9, 2007<\/p>\n\n\t\t<\/div>\n\t<\/div>\n<div class=\"vc_btn3-container vc_btn3-left\" ><a class=\"vc_general vc_btn3 vc_btn3-size-xs vc_btn3-shape-square vc_btn3-style-classic vc_btn3-color-black\" href=\"http:\/\/videos.sapo.pt\/qDWEFHjCMt6wyZKDjw5N\" title=\"\" target=\"_blank\">More information<\/a><\/div>\n\t\t<\/div>\n\t<\/div>\n\t<\/div>\n\n\t<div class=\"vc_col-sm-3 wpb_column vc_column_container rt-column-container\">\n\t<div class=\"vc_column-inner rt-column-inner\">\n\t\t<div class=\"wpb_wrapper rt-wrapper\">\n\t\t\t\n\t<div class=\"wpb_text_column wpb_content_element\" >\n\t\t<div class=\"wpb_wrapper\">\n\t\t\t<p class=\"p1\">\u201cTreinador de empres\u00e1rios\u201d, Expresso Emprego, March 9, 2007<\/p>\n\n\t\t<\/div>\n\t<\/div>\n<div class=\"vc_btn3-container vc_btn3-left\" ><a class=\"vc_general vc_btn3 vc_btn3-size-xs vc_btn3-shape-square vc_btn3-style-classic vc_btn3-color-black\" href=\"http:\/\/expressoemprego.pt\/noticias\/treinador-de-empresarios\/1719\" title=\"\" target=\"_blank\">More information<\/a><\/div>\n\t\t<\/div>\n\t<\/div>\n\t<\/div>\n\n\t<div class=\"vc_col-sm-3 wpb_column vc_column_container vc_custom_1569258047660 rt-6555717 rt-column-container\">\n\t<div class=\"vc_column-inner rt-column-inner\">\n\t\t<div class=\"wpb_wrapper rt-wrapper\">\n\t\t\t\n\t<div class=\"wpb_text_column wpb_content_element\" >\n\t\t<div class=\"wpb_wrapper\">\n\t\t\t<p>\u201cEm Portugal, s\u00f3 38% dos \u201ccoaches\u201d tem forma\u00e7\u00e3o\u201d, Jornal de Neg\u00f3cios, March 1, 2007<\/p>\n\n\t\t<\/div>\n\t<\/div>\n<div class=\"vc_btn3-container vc_btn3-left\" ><a class=\"vc_general vc_btn3 vc_btn3-size-xs vc_btn3-shape-square vc_btn3-style-classic vc_btn3-color-black\" href=\"https:\/\/www.abpcoaching.com\/wp-content\/uploads\/2021\/08\/Jornal-de-Negocios-Mar07.pdf\" title=\"\" target=\"_blank\">More information<\/a><\/div>\n\t\t<\/div>\n\t<\/div>\n\t<\/div>\n<\/div>\n<\/div>\n\n<div  class=\"content_row row vc_row wpb_row  default-style fullwidth animate-cols rt-flex-wrapper align-columns column-align-middle rt-column-gaps rt-4459016\">\n\t\n\t<div class=\"content_row_wrapper  default\"><div class=\"vc_col-sm-3 wpb_column vc_column_container vc_custom_1569258047660 rt-6555717 rt-column-container\">\n\t<div class=\"vc_column-inner rt-column-inner\">\n\t\t<div class=\"wpb_wrapper rt-wrapper\">\n\t\t\t\n\t<div class=\"wpb_text_column wpb_content_element\" >\n\t\t<div class=\"wpb_wrapper\">\n\t\t\t<p class=\"p1\">\u201cMercer distingue investiga\u00e7\u00e3o sobre coaching\u201d, Seman\u00e1rio Econ\u00f3mico, February 21, 2007<\/p>\n\n\t\t<\/div>\n\t<\/div>\n<div class=\"vc_btn3-container vc_btn3-left\" ><a class=\"vc_general vc_btn3 vc_btn3-size-xs vc_btn3-shape-square vc_btn3-style-classic vc_btn3-color-black\" href=\"https:\/\/www.abpcoaching.com\/wp-content\/uploads\/2021\/08\/Semanario-Economico-Fev07.pdf\" title=\"\" target=\"_blank\">More information<\/a><\/div>\n\t\t<\/div>\n\t<\/div>\n\t<\/div>\n\n\t<div class=\"vc_col-sm-3 wpb_column vc_column_container vc_custom_1569258028432 rt-7280406 rt-column-container\">\n\t<div class=\"vc_column-inner rt-column-inner\">\n\t\t<div class=\"wpb_wrapper rt-wrapper\">\n\t\t\t\n\t<div class=\"wpb_text_column wpb_content_element\" >\n\t\t<div class=\"wpb_wrapper\">\n\t\t\t<p class=\"p1\">\u201cCoaching em Portugal ainda \u00e9 embrion\u00e1rio\u201d Seman\u00e1rio Econ\u00f3mico, November 17, 2006<\/p>\n\n\t\t<\/div>\n\t<\/div>\n<div class=\"vc_btn3-container vc_btn3-left\" ><a class=\"vc_general vc_btn3 vc_btn3-size-xs vc_btn3-shape-square vc_btn3-style-classic vc_btn3-color-black\" href=\"https:\/\/www.abpcoaching.com\/wp-content\/uploads\/2021\/08\/Semanario-Economico-Nov06.pdf\" title=\"\" target=\"_blank\">More information<\/a><\/div>\n\t\t<\/div>\n\t<\/div>\n\t<\/div>\n\n\t<div class=\"vc_col-sm-3 wpb_column vc_column_container rt-column-container\">\n\t<div class=\"vc_column-inner rt-column-inner\">\n\t\t<div class=\"wpb_wrapper rt-wrapper\">\n\t\t\t\n\t<div class=\"wpb_text_column wpb_content_element\" >\n\t\t<div class=\"wpb_wrapper\">\n\t\t\t<p>\u201cInvestiga\u00e7\u00e3o caracteriza Coaching em Portugal\u201d, Seman\u00e1rio Econ\u00f3mico, September 22, 2006<\/p>\n\n\t\t<\/div>\n\t<\/div>\n<div class=\"vc_btn3-container vc_btn3-left\" ><a class=\"vc_general vc_btn3 vc_btn3-size-xs vc_btn3-shape-square vc_btn3-style-classic vc_btn3-color-black\" href=\"https:\/\/www.abpcoaching.com\/wp-content\/uploads\/2021\/08\/Semanario-Economico-Set-06.pdf\" title=\"\" target=\"_blank\">More information<\/a><\/div>\n\t\t<\/div>\n\t<\/div>\n\t<\/div>\n\n\t<div class=\"vc_col-sm-3 wpb_column vc_column_container rt-column-container\">\n\t<div class=\"vc_column-inner rt-column-inner\">\n\t\t<div class=\"wpb_wrapper rt-wrapper\">\n\t\t\t\n\t<div class=\"wpb_text_column wpb_content_element\" >\n\t\t<div class=\"wpb_wrapper\">\n\t\t\t<p>\u201cCoaching em debate na Universidade de \u00c9vora\u201d, Di\u00e1rio do Sul, September 14, 2006<\/p>\n\n\t\t<\/div>\n\t<\/div>\n<div class=\"vc_btn3-container vc_btn3-left\" ><a class=\"vc_general vc_btn3 vc_btn3-size-xs vc_btn3-shape-square vc_btn3-style-classic vc_btn3-color-black\" href=\"\/wp-content\/uploads\/2019\/09\/Di-riodoSulSet.06.pdf\" title=\"\" target=\"_blank\">More information<\/a><\/div>\n\t\t<\/div>\n\t<\/div>\n\t<\/div>\n<\/div>\n<\/div>","protected":false},"excerpt":{"rendered":"\u201cPropostas desafiadoras em 'coaching'\u201d,\u00a0Revista Human, fevereiro 2021 Saber mais \"O Coaching como Motor de Lideran\u00e7a\", Revista Lideran\u00e7a no Feminino, fevereiro de 2020 Saber mais \u201cCoaching Intercultural e Prop\u00f3sito\u201d, Selecta\/O Estado de S\u00e3o Paulo, 29 abril de 2018 Saber mais \u201cAlexandra Barosa Pereira: uma nova necessidade organizacional\u201d, Human, fevereiro de 2018 Saber mais \u201cComo \u00e9 que [...]","protected":false},"author":1,"featured_media":0,"parent":0,"menu_order":0,"comment_status":"closed","ping_status":"closed","template":"","meta":[],"_links":{"self":[{"href":"https:\/\/www.abpcoaching.com\/en\/wp-json\/wp\/v2\/pages\/4986"}],"collection":[{"href":"https:\/\/www.abpcoaching.com\/en\/wp-json\/wp\/v2\/pages"}],"about":[{"href":"https:\/\/www.abpcoaching.com\/en\/wp-json\/wp\/v2\/types\/page"}],"author":[{"embeddable":true,"href":"https:\/\/www.abpcoaching.com\/en\/wp-json\/wp\/v2\/users\/1"}],"replies":[{"embeddable":true,"href":"https:\/\/www.abpcoaching.com\/en\/wp-json\/wp\/v2\/comments?post=4986"}],"version-history":[{"count":111,"href":"https:\/\/www.abpcoaching.com\/en\/wp-json\/wp\/v2\/pages\/4986\/revisions"}],"predecessor-version":[{"id":6340,"href":"https:\/\/www.abpcoaching.com\/en\/wp-json\/wp\/v2\/pages\/4986\/revisions\/6340"}],"wp:attachment":[{"href":"https:\/\/www.abpcoaching.com\/en\/wp-json\/wp\/v2\/media?parent=4986"}],"curies":[{"name":"wp","href":"https:\/\/api.w.org\/{rel}","templated":true}]}}